{"id":981,"date":"2025-11-05T13:50:56","date_gmt":"2025-11-05T12:50:56","guid":{"rendered":"https:\/\/woozcnc.cz\/?page_id=981"},"modified":"2026-02-25T09:17:22","modified_gmt":"2026-02-25T08:17:22","slug":"impressum","status":"publish","type":"page","link":"https:\/\/woozcnc.cz\/en\/impressum\/","title":{"rendered":"Impressum WOOZ"},"content":{"rendered":"<div data-elementor-type=\"wp-page\" data-elementor-id=\"981\" class=\"elementor elementor-981\">\n\t\t\t\t<div class=\"elementor-element elementor-element-054f631 e-flex e-con-boxed e-con e-parent\" data-id=\"054f631\" data-element_type=\"container\" data-e-type=\"container\">\n\t\t\t\t\t<div class=\"e-con-inner\">\n\t\t<div class=\"elementor-element elementor-element-49e394d e-con-full e-flex e-con e-child\" data-id=\"49e394d\" data-element_type=\"container\" data-e-type=\"container\">\n\t\t\t\t<div class=\"elementor-element elementor-element-d450af7 elementor-widget elementor-widget-heading\" data-id=\"d450af7\" data-element_type=\"widget\" data-e-type=\"widget\" data-widget_type=\"heading.default\">\n\t\t\t\t<div class=\"elementor-widget-container\">\n\t\t\t\t\t<h1 class=\"elementor-heading-title elementor-size-default\">IMPRESSUM<\/h1>\t\t\t\t<\/div>\n\t\t\t\t<\/div>\n\t\t\t\t<div class=\"elementor-element elementor-element-5acbc41 elementor-widget elementor-widget-text-editor\" data-id=\"5acbc41\" data-element_type=\"widget\" data-e-type=\"widget\" data-widget_type=\"text-editor.default\">\n\t\t\t\t<div class=\"elementor-widget-container\">\n\t\t\t\t\t\t\t\t\t<p>Legal information about the operator<\/p>\t\t\t\t\t\t\t\t<\/div>\n\t\t\t\t<\/div>\n\t\t\t\t<\/div>\n\t\t\t\t\t<\/div>\n\t\t\t\t<\/div>\n\t\t<div class=\"elementor-element elementor-element-6f1ead4 e-flex e-con-boxed e-con e-parent\" data-id=\"6f1ead4\" data-element_type=\"container\" data-e-type=\"container\">\n\t\t\t\t\t<div class=\"e-con-inner\">\n\t\t<div class=\"elementor-element elementor-element-982feef e-con-full e-flex e-con e-child\" data-id=\"982feef\" data-element_type=\"container\" data-e-type=\"container\">\n\t\t\t\t<div class=\"elementor-element elementor-element-6284f77 elementor-widget elementor-widget-heading\" data-id=\"6284f77\" data-element_type=\"widget\" data-e-type=\"widget\" data-widget_type=\"heading.default\">\n\t\t\t\t<div class=\"elementor-widget-container\">\n\t\t\t\t\t<h1 class=\"elementor-heading-title elementor-size-default\">WOOZ International s.r.o.<\/h1>\t\t\t\t<\/div>\n\t\t\t\t<\/div>\n\t\t\t\t<div class=\"elementor-element elementor-element-bb77424 elementor-widget__width-initial elementor-widget elementor-widget-text-editor\" data-id=\"bb77424\" data-element_type=\"widget\" data-e-type=\"widget\" data-widget_type=\"text-editor.default\">\n\t\t\t\t<div class=\"elementor-widget-container\">\n\t\t\t\t\t\t\t\t\t<p class=\"translation-block\">Pra\u017e\u00e1kova 1008\/69, \u0160t\u00fd\u0159ice<br>CZ-639 00 Brno<br>T: <a href=\"tel:+420775268147\" target=\"_self\">+420 530 511 302<\/a><br>Company ID No.: 23692014<br>VAT ID: CZ23692014<br>Krajsk\u00fd soud v Brn\u011b, odd. C, vlo\u017eka 147088<\/p>\t\t\t\t\t\t\t\t<\/div>\n\t\t\t\t<\/div>\n\t\t\t\t<\/div>\n\t\t<div class=\"elementor-element elementor-element-45069b6 e-con-full e-flex e-con e-child\" data-id=\"45069b6\" data-element_type=\"container\" data-e-type=\"container\">\n\t\t\t\t<div class=\"elementor-element elementor-element-5fe3ec6 elementor-widget elementor-widget-heading\" data-id=\"5fe3ec6\" data-element_type=\"widget\" data-e-type=\"widget\" data-widget_type=\"heading.default\">\n\t\t\t\t<div class=\"elementor-widget-container\">\n\t\t\t\t\t<h1 class=\"elementor-heading-title elementor-size-default\">Company Directors<\/h1>\t\t\t\t<\/div>\n\t\t\t\t<\/div>\n\t\t<div class=\"elementor-element elementor-element-a292e1a e-con-full e-flex e-con e-child\" data-id=\"a292e1a\" data-element_type=\"container\" data-e-type=\"container\">\n\t\t<div class=\"elementor-element elementor-element-fe1a9b7 e-con-full e-flex e-con e-child\" data-id=\"fe1a9b7\" data-element_type=\"container\" data-e-type=\"container\">\n\t\t\t\t<div class=\"elementor-element elementor-element-7558b67 elementor-widget elementor-widget-heading\" data-id=\"7558b67\" data-element_type=\"widget\" data-e-type=\"widget\" data-widget_type=\"heading.default\">\n\t\t\t\t<div class=\"elementor-widget-container\">\n\t\t\t\t\t<h2 class=\"elementor-heading-title elementor-size-default\">Tom\u00e1\u0161 Dyml<\/h2>\t\t\t\t<\/div>\n\t\t\t\t<\/div>\n\t\t\t\t<div class=\"elementor-element elementor-element-17e02c9 elementor-widget__width-initial elementor-widget elementor-widget-text-editor\" data-id=\"17e02c9\" data-element_type=\"widget\" data-e-type=\"widget\" data-widget_type=\"text-editor.default\">\n\t\t\t\t<div class=\"elementor-widget-container\">\n\t\t\t\t\t\t\t\t\t<p>Company director<br \/><a href=\"tel:+420 725 594 955\">+420 725 594 955<\/a><br \/><span style=\"text-decoration: underline; color: #000000;\"><a style=\"color: #000000; text-decoration: underline;\" href=\"mailto:tomas.dyml@woozcnc.cz\">tomas.dyml@woozcnc.cz<\/a><\/span><\/p>\t\t\t\t\t\t\t\t<\/div>\n\t\t\t\t<\/div>\n\t\t\t\t<\/div>\n\t\t<div class=\"elementor-element elementor-element-1a6ecf3 e-con-full e-flex e-con e-child\" data-id=\"1a6ecf3\" data-element_type=\"container\" data-e-type=\"container\">\n\t\t\t\t<div class=\"elementor-element elementor-element-ee74d9f elementor-widget elementor-widget-heading\" data-id=\"ee74d9f\" data-element_type=\"widget\" data-e-type=\"widget\" data-widget_type=\"heading.default\">\n\t\t\t\t<div class=\"elementor-widget-container\">\n\t\t\t\t\t<div class=\"elementor-heading-title elementor-size-default\">Ing. Tom\u00e1\u0161 S\u00fdkora<\/div>\t\t\t\t<\/div>\n\t\t\t\t<\/div>\n\t\t\t\t<div class=\"elementor-element elementor-element-35d0bc8 elementor-widget__width-initial elementor-widget elementor-widget-text-editor\" data-id=\"35d0bc8\" data-element_type=\"widget\" data-e-type=\"widget\" data-widget_type=\"text-editor.default\">\n\t\t\t\t<div class=\"elementor-widget-container\">\n\t\t\t\t\t\t\t\t\t<p>Company director<br \/>+420 739 017 450<br \/><span style=\"text-decoration: underline; color: #000000;\"><a style=\"color: #000000; text-decoration: underline;\" href=\"mailto:sykora@woozcnc.cz\">sykora@woozcnc.cz<\/a><\/span><\/p>\t\t\t\t\t\t\t\t<\/div>\n\t\t\t\t<\/div>\n\t\t\t\t<\/div>\n\t\t\t\t<\/div>\n\t\t\t\t<\/div>\n\t\t\t\t\t<\/div>\n\t\t\t\t<\/div>\n\t\t<div class=\"elementor-element elementor-element-795e315 e-flex e-con-boxed e-con e-parent\" data-id=\"795e315\" data-element_type=\"container\" data-e-type=\"container\">\n\t\t\t\t\t<div class=\"e-con-inner\">\n\t\t<div class=\"elementor-element elementor-element-41d8e4b e-con-full e-flex e-con e-child\" data-id=\"41d8e4b\" data-element_type=\"container\" data-e-type=\"container\">\n\t\t\t\t<div class=\"elementor-element elementor-element-afb81b2 elementor-widget elementor-widget-heading\" data-id=\"afb81b2\" data-element_type=\"widget\" data-e-type=\"widget\" data-widget_type=\"heading.default\">\n\t\t\t\t<div class=\"elementor-widget-container\">\n\t\t\t\t\t<h1 class=\"elementor-heading-title elementor-size-default\">Bank Details CZK<\/h1>\t\t\t\t<\/div>\n\t\t\t\t<\/div>\n\t\t\t\t<div class=\"elementor-element elementor-element-1cddbde elementor-widget__width-auto elementor-widget elementor-widget-text-editor\" data-id=\"1cddbde\" data-element_type=\"widget\" data-e-type=\"widget\" data-widget_type=\"text-editor.default\">\n\t\t\t\t<div class=\"elementor-widget-container\">\n\t\t\t\t\t\t\t\t\tKomer\u010dn\u00ed banka, a.s. <\/br> Bank account number: 131-3648930247\/0100 <\/br>IBAN: CZ16 0100 0001 3136 4893 0247<\/BR> SWIFT\/BIC: KOMBCZPP\t\t\t\t\t\t\t\t<\/div>\n\t\t\t\t<\/div>\n\t\t\t\t<\/div>\n\t\t<div class=\"elementor-element elementor-element-d99b413 e-con-full e-flex e-con e-child\" data-id=\"d99b413\" data-element_type=\"container\" data-e-type=\"container\">\n\t\t\t\t<div class=\"elementor-element elementor-element-c4a57de elementor-widget elementor-widget-heading\" data-id=\"c4a57de\" data-element_type=\"widget\" data-e-type=\"widget\" data-widget_type=\"heading.default\">\n\t\t\t\t<div class=\"elementor-widget-container\">\n\t\t\t\t\t<h1 class=\"elementor-heading-title elementor-size-default\">Bank Details EUR<\/h1>\t\t\t\t<\/div>\n\t\t\t\t<\/div>\n\t\t\t\t<div class=\"elementor-element elementor-element-723d34d elementor-widget__width-initial elementor-widget elementor-widget-text-editor\" data-id=\"723d34d\" data-element_type=\"widget\" data-e-type=\"widget\" data-widget_type=\"text-editor.default\">\n\t\t\t\t<div class=\"elementor-widget-container\">\n\t\t\t\t\t\t\t\t\tKomer\u010dn\u00ed banka, a.s. <\/br>Bank account number: 131-3648940277\/0100<\/br> IBAN: CZ30 0100 0001 3136 4894 0277<\/br> SWIFT\/BIC: KOMBCZPP\t\t\t\t\t\t\t\t<\/div>\n\t\t\t\t<\/div>\n\t\t\t\t<\/div>\n\t\t\t\t\t<\/div>\n\t\t\t\t<\/div>\n\t\t<div class=\"elementor-element elementor-element-f01b3aa e-flex e-con-boxed e-con e-parent\" data-id=\"f01b3aa\" data-element_type=\"container\" data-e-type=\"container\">\n\t\t\t\t\t<div class=\"e-con-inner\">\n\t\t\t\t<div class=\"elementor-element elementor-element-6e6780e elementor-mobile-align-center elementor-widget-mobile__width-inherit elementor-widget elementor-widget-button\" data-id=\"6e6780e\" data-element_type=\"widget\" data-e-type=\"widget\" data-widget_type=\"button.default\">\n\t\t\t\t<div class=\"elementor-widget-container\">\n\t\t\t\t\t\t\t\t\t<div class=\"elementor-button-wrapper\">\n\t\t\t\t\t<a class=\"elementor-button elementor-button-link elementor-size-sm elementor-animation-grow\" href=\"https:\/\/woozcnc.cz\/en\/obchodni-podminky\/\">\n\t\t\t\t\t\t<span class=\"elementor-button-content-wrapper\">\n\t\t\t\t\t\t\t\t\t<span class=\"elementor-button-text\">Terms &amp; Conditions<\/span>\n\t\t\t\t\t<\/span>\n\t\t\t\t\t<\/a>\n\t\t\t\t<\/div>\n\t\t\t\t\t\t\t\t<\/div>\n\t\t\t\t<\/div>\n\t\t\t\t\t<\/div>\n\t\t\t\t<\/div>\n\t\t\t\t<\/div>","protected":false},"excerpt":{"rendered":"<p>IMPRESSUM Z\u00e1konn\u00e9 informace o provozovateli WOOZ International s.r.o. Pra\u017e\u00e1kova 1008\/69, \u0160t\u00fd\u0159iceCZ-639 00 BrnoT: +420 530 511 302I\u010cO: 23692014DI\u010c: CZ23692014Krajsk\u00fd soud v Brn\u011b, odd. C, vlo\u017eka 147088 Jednatel\u00e9 Tom\u00e1\u0161 Dyml Jednatel+420 725 594 955tomas.dyml@woozcnc.cz Ing. Tom\u00e1\u0161 S\u00fdkora Jednatel+420 739 017 450sykora@woozcnc.cz Bankovn\u00ed spojen\u00ed CZK Komer\u010dn\u00ed banka, a.s. \u010c\u00edslo \u00fa\u010dtu: 131-3648930247\/0100 IBAN: CZ16 0100 0001 3136 4893 [&hellip;]<\/p>\n","protected":false},"author":1,"featured_media":0,"parent":0,"menu_order":0,"comment_status":"closed","ping_status":"closed","template":"elementor_header_footer","meta":{"footnotes":""},"class_list":["post-981","page","type-page","status-publish","hentry"],"_links":{"self":[{"href":"https:\/\/woozcnc.cz\/en\/wp-json\/wp\/v2\/pages\/981","targetHints":{"allow":["GET"]}}],"collection":[{"href":"https:\/\/woozcnc.cz\/en\/wp-json\/wp\/v2\/pages"}],"about":[{"href":"https:\/\/woozcnc.cz\/en\/wp-json\/wp\/v2\/types\/page"}],"author":[{"embeddable":true,"href":"https:\/\/woozcnc.cz\/en\/wp-json\/wp\/v2\/users\/1"}],"replies":[{"embeddable":true,"href":"https:\/\/woozcnc.cz\/en\/wp-json\/wp\/v2\/comments?post=981"}],"version-history":[{"count":83,"href":"https:\/\/woozcnc.cz\/en\/wp-json\/wp\/v2\/pages\/981\/revisions"}],"predecessor-version":[{"id":1994,"href":"https:\/\/woozcnc.cz\/en\/wp-json\/wp\/v2\/pages\/981\/revisions\/1994"}],"wp:attachment":[{"href":"https:\/\/woozcnc.cz\/en\/wp-json\/wp\/v2\/media?parent=981"}],"curies":[{"name":"wp","href":"https:\/\/api.w.org\/{rel}","templated":true}]}}