{"id":66,"date":"2025-07-02T14:24:07","date_gmt":"2025-07-02T12:24:07","guid":{"rendered":"https:\/\/woozcnc.cz\/?page_id=66"},"modified":"2026-03-19T07:14:47","modified_gmt":"2026-03-19T06:14:47","slug":"kontakt","status":"publish","type":"page","link":"https:\/\/woozcnc.cz\/en\/kontakt\/","title":{"rendered":"Contact"},"content":{"rendered":"<div data-elementor-type=\"wp-page\" data-elementor-id=\"66\" class=\"elementor elementor-66\">\n\t\t\t\t<div class=\"elementor-element elementor-element-c8f4a4e e-con-full e-flex e-con e-parent\" data-id=\"c8f4a4e\" data-element_type=\"container\" data-e-type=\"container\">\n\t\t\t\t<div class=\"elementor-element elementor-element-361abea elementor-widget elementor-widget-image\" data-id=\"361abea\" data-element_type=\"widget\" data-e-type=\"widget\" data-widget_type=\"image.default\">\n\t\t\t\t<div class=\"elementor-widget-container\">\n\t\t\t\t\t\t\t\t\t\t\t\t\t\t\t<img fetchpriority=\"high\" decoding=\"async\" width=\"2400\" height=\"800\" src=\"https:\/\/woozcnc.cz\/wp-content\/uploads\/2026\/02\/kontakt-wooz-cnc-precizni-obrabeni.webp\" class=\"attachment-full size-full wp-image-2042\" alt=\"Kontaktn\u00ed \u00fadaje Wooz CNC | e-mail | telefon | precizn\u00ed CNC obr\u00e1b\u011bn\u00ed | stroj\u00edrenstv\u00ed | v\u00fdroba d\u00edl\u016f\" srcset=\"https:\/\/woozcnc.cz\/wp-content\/uploads\/2026\/02\/kontakt-wooz-cnc-precizni-obrabeni.webp 2400w, https:\/\/woozcnc.cz\/wp-content\/uploads\/2026\/02\/kontakt-wooz-cnc-precizni-obrabeni-300x100.webp 300w, https:\/\/woozcnc.cz\/wp-content\/uploads\/2026\/02\/kontakt-wooz-cnc-precizni-obrabeni-1024x341.webp 1024w, https:\/\/woozcnc.cz\/wp-content\/uploads\/2026\/02\/kontakt-wooz-cnc-precizni-obrabeni-768x256.webp 768w, https:\/\/woozcnc.cz\/wp-content\/uploads\/2026\/02\/kontakt-wooz-cnc-precizni-obrabeni-1536x512.webp 1536w, https:\/\/woozcnc.cz\/wp-content\/uploads\/2026\/02\/kontakt-wooz-cnc-precizni-obrabeni-2048x683.webp 2048w, https:\/\/woozcnc.cz\/wp-content\/uploads\/2026\/02\/kontakt-wooz-cnc-precizni-obrabeni-18x6.webp 18w\" sizes=\"(max-width: 2400px) 100vw, 2400px\" title=\"\">\t\t\t\t\t\t\t\t\t\t\t\t\t\t\t<\/div>\n\t\t\t\t<\/div>\n\t\t\t\t<\/div>\n\t\t<div class=\"elementor-element elementor-element-82bbd85 e-flex e-con-boxed e-con e-parent\" data-id=\"82bbd85\" data-element_type=\"container\" data-e-type=\"container\">\n\t\t\t\t\t<div class=\"e-con-inner\">\n\t\t\t\t<div class=\"elementor-element elementor-element-f52bc44 elementor-widget elementor-widget-heading\" data-id=\"f52bc44\" data-element_type=\"widget\" data-e-type=\"widget\" data-widget_type=\"heading.default\">\n\t\t\t\t<div class=\"elementor-widget-container\">\n\t\t\t\t\t<h1 class=\"elementor-heading-title elementor-size-default\">Contact<\/h1>\t\t\t\t<\/div>\n\t\t\t\t<\/div>\n\t\t\t\t\t<\/div>\n\t\t\t\t<\/div>\n\t\t<div class=\"elementor-element elementor-element-f6bd86a e-flex e-con-boxed e-con e-parent\" data-id=\"f6bd86a\" data-element_type=\"container\" data-e-type=\"container\">\n\t\t\t\t\t<div class=\"e-con-inner\">\n\t\t<div class=\"elementor-element elementor-element-8c04902 e-con-full e-flex e-con e-child\" data-id=\"8c04902\" data-element_type=\"container\" data-e-type=\"container\">\n\t\t\t\t<div class=\"elementor-element elementor-element-be6cdf4 elementor-widget elementor-widget-image\" data-id=\"be6cdf4\" data-element_type=\"widget\" data-e-type=\"widget\" data-widget_type=\"image.default\">\n\t\t\t\t<div class=\"elementor-widget-container\">\n\t\t\t\t\t\t\t\t\t\t\t\t\t\t\t<img decoding=\"async\" width=\"500\" height=\"500\" src=\"https:\/\/woozcnc.cz\/wp-content\/uploads\/2025\/12\/QR_kod_adresa_wooz_international.png\" class=\"attachment-full size-full wp-image-1958\" alt=\"Kontakt | QR k\u00f3d | WOOZ International\" srcset=\"https:\/\/woozcnc.cz\/wp-content\/uploads\/2025\/12\/QR_kod_adresa_wooz_international.png 500w, https:\/\/woozcnc.cz\/wp-content\/uploads\/2025\/12\/QR_kod_adresa_wooz_international-300x300.png 300w, https:\/\/woozcnc.cz\/wp-content\/uploads\/2025\/12\/QR_kod_adresa_wooz_international-150x150.png 150w, https:\/\/woozcnc.cz\/wp-content\/uploads\/2025\/12\/QR_kod_adresa_wooz_international-12x12.png 12w\" sizes=\"(max-width: 500px) 100vw, 500px\" title=\"\">\t\t\t\t\t\t\t\t\t\t\t\t\t\t\t<\/div>\n\t\t\t\t<\/div>\n\t\t\t\t<div class=\"elementor-element elementor-element-163e899 elementor-widget elementor-widget-heading\" data-id=\"163e899\" data-element_type=\"widget\" data-e-type=\"widget\" data-widget_type=\"heading.default\">\n\t\t\t\t<div class=\"elementor-widget-container\">\n\t\t\t\t\t<h2 class=\"elementor-heading-title elementor-size-default\">WOOZ International s.r.o.<\/h2>\t\t\t\t<\/div>\n\t\t\t\t<\/div>\n\t\t\t\t<div class=\"elementor-element elementor-element-13b1112 elementor-widget__width-initial elementor-widget elementor-widget-text-editor\" data-id=\"13b1112\" data-element_type=\"widget\" data-e-type=\"widget\" data-widget_type=\"text-editor.default\">\n\t\t\t\t<div class=\"elementor-widget-container\">\n\t\t\t\t\t\t\t\t\tProduction facility: U Sladovny 425, 671 25 Hodonice<br>\nRegistered office: Pra\u017e\u00e1kova 1008\/69, \u0160t\u00fd\u0159ice, 639 00 Brno<br>\nI\u010cO: 23692014, DI\u010c: CZ23692014\t\t\t\t\t\t\t\t<\/div>\n\t\t\t\t<\/div>\n\t\t\t\t<div class=\"elementor-element elementor-element-2ee3b23 elementor-mobile-align-center elementor-widget-mobile__width-inherit elementor-widget elementor-widget-button\" data-id=\"2ee3b23\" data-element_type=\"widget\" data-e-type=\"widget\" data-widget_type=\"button.default\">\n\t\t\t\t<div class=\"elementor-widget-container\">\n\t\t\t\t\t\t\t\t\t<div class=\"elementor-button-wrapper\">\n\t\t\t\t\t<a class=\"elementor-button elementor-button-link elementor-size-sm elementor-animation-grow\" href=\"https:\/\/woozcnc.cz\/en\/impressum\/\">\n\t\t\t\t\t\t<span class=\"elementor-button-content-wrapper\">\n\t\t\t\t\t\t\t\t\t<span class=\"elementor-button-text\">Billing details<\/span>\n\t\t\t\t\t<\/span>\n\t\t\t\t\t<\/a>\n\t\t\t\t<\/div>\n\t\t\t\t\t\t\t\t<\/div>\n\t\t\t\t<\/div>\n\t\t\t\t<\/div>\n\t\t<div class=\"elementor-element elementor-element-0d12b6e e-con-full e-flex e-con e-child\" data-id=\"0d12b6e\" data-element_type=\"container\" data-e-type=\"container\">\n\t\t\t\t<div class=\"elementor-element elementor-element-178bf66 wooz-form elementor-widget elementor-widget-shortcode\" data-id=\"178bf66\" data-element_type=\"widget\" data-e-type=\"widget\" data-widget_type=\"shortcode.default\">\n\t\t\t\t<div class=\"elementor-widget-container\">\n\t\t\t\t\t\t\t<div class=\"elementor-shortcode\">\n<div class=\"wpcf7 no-js\" id=\"wpcf7-f1567-o1\" lang=\"cs-CZ\" dir=\"ltr\" data-wpcf7-id=\"1567\">\n<div class=\"screen-reader-response\"><p role=\"status\" aria-live=\"polite\" aria-atomic=\"true\"><\/p> <ul><\/ul><\/div>\n<form action=\"\/en\/wp-json\/wp\/v2\/pages\/66#wpcf7-f1567-o1\" method=\"post\" class=\"wpcf7-form init\" aria-label=\"Kontaktn\u00ed formul\u00e1\u0159\" novalidate=\"novalidate\" data-status=\"init\" data-trp-original-action=\"\/en\/wp-json\/wp\/v2\/pages\/66#wpcf7-f1567-o1\">\n<fieldset class=\"hidden-fields-container\"><input type=\"hidden\" name=\"_wpcf7\" value=\"1567\" \/><input type=\"hidden\" name=\"_wpcf7_version\" value=\"6.1.5\" \/><input type=\"hidden\" name=\"_wpcf7_locale\" value=\"cs_CZ\" \/><input type=\"hidden\" name=\"_wpcf7_unit_tag\" value=\"wpcf7-f1567-o1\" \/><input type=\"hidden\" name=\"_wpcf7_container_post\" value=\"0\" \/><input type=\"hidden\" name=\"_wpcf7_posted_data_hash\" value=\"\" \/>\n<\/fieldset>\n<h2 class=\"wooz-form-title\">Send us a message\n<\/h2>\n<p><label> Full Name *<br \/>\n<span class=\"wpcf7-form-control-wrap\" data-name=\"your-name\"><input size=\"40\" maxlength=\"400\" class=\"wpcf7-form-control wpcf7-text wpcf7-validates-as-required\" autocomplete=\"name\" aria-required=\"true\" aria-invalid=\"false\" placeholder=\"Jm\u00e9no a p\u0159\u00edjmen\u00ed\" value=\"\" type=\"text\" name=\"your-name\" \/><\/span><\/label>\n<\/p>\n<p><label> E-mail *<br \/>\n<span class=\"wpcf7-form-control-wrap\" data-name=\"your-email\"><input size=\"40\" maxlength=\"400\" class=\"wpcf7-form-control wpcf7-email wpcf7-validates-as-required wpcf7-text wpcf7-validates-as-email\" autocomplete=\"email\" aria-required=\"true\" aria-invalid=\"false\" placeholder=\"e-mail@domena.cz\" value=\"\" type=\"email\" name=\"your-email\" \/><\/span><\/label>\n<\/p>\n<p><label> Message *<br \/>\n<span class=\"wpcf7-form-control-wrap\" data-name=\"your-message\"><textarea cols=\"40\" rows=\"10\" maxlength=\"2000\" class=\"wpcf7-form-control wpcf7-textarea wpcf7-validates-as-required\" aria-required=\"true\" aria-invalid=\"false\" placeholder=\"Jak v\u00e1m m\u016f\u017eeme pomoci?\" name=\"your-message\"><\/textarea><\/span><\/label>\n<\/p>\n<p><label><span class=\"wpcf7-form-control-wrap\" data-name=\"checkbox-772\"><span class=\"wpcf7-form-control wpcf7-checkbox\"><span class=\"wpcf7-list-item first last\"><label><input type=\"checkbox\" name=\"checkbox-772[]\" value=\"Souhlas\u00edm se z\u00e1sady ochrany osobn\u00edch \u00fadaj\u016f. *\" \/><span class=\"wpcf7-list-item-label\">I accept the Privacy Policy. *<\/span><\/label><\/span><\/span><\/span><\/label>\n<\/p>\n<p><input class=\"wpcf7-form-control wpcf7-submit has-spinner aptec-btn\" type=\"submit\" value=\"Odeslat\" \/>\n<\/p><div class=\"wpcf7-response-output\" aria-hidden=\"true\"><\/div>\n<input type=\"hidden\" name=\"trp-form-language\" value=\"en\"\/><\/form>\n<\/div>\n<\/div>\n\t\t\t\t\t\t<\/div>\n\t\t\t\t<\/div>\n\t\t\t\t<\/div>\n\t\t\t\t\t<\/div>\n\t\t\t\t<\/div>\n\t\t<div class=\"elementor-element elementor-element-357298a e-flex e-con-boxed e-con e-parent\" data-id=\"357298a\" data-element_type=\"container\" data-e-type=\"container\">\n\t\t\t\t\t<div class=\"e-con-inner\">\n\t\t\t\t<div class=\"elementor-element elementor-element-b45ad43 elementor-widget elementor-widget-heading\" data-id=\"b45ad43\" data-element_type=\"widget\" data-e-type=\"widget\" data-widget_type=\"heading.default\">\n\t\t\t\t<div class=\"elementor-widget-container\">\n\t\t\t\t\t<h1 class=\"elementor-heading-title elementor-size-default\">Contact Persons<\/h1>\t\t\t\t<\/div>\n\t\t\t\t<\/div>\n\t\t\t\t\t<\/div>\n\t\t\t\t<\/div>\n\t\t<div class=\"elementor-element elementor-element-8b18237 e-flex e-con-boxed e-con e-parent\" data-id=\"8b18237\" data-element_type=\"container\" data-e-type=\"container\">\n\t\t\t\t\t<div class=\"e-con-inner\">\n\t\t<div class=\"elementor-element elementor-element-1449b77 e-con-full e-flex e-con e-child\" data-id=\"1449b77\" data-element_type=\"container\" data-e-type=\"container\">\n\t\t\t\t<div class=\"elementor-element elementor-element-f386cd5 elementor-widget elementor-widget-heading\" data-id=\"f386cd5\" data-element_type=\"widget\" data-e-type=\"widget\" data-widget_type=\"heading.default\">\n\t\t\t\t<div class=\"elementor-widget-container\">\n\t\t\t\t\t<h3 class=\"elementor-heading-title elementor-size-default\">Tom\u00e1\u0161 Dyml<\/h3>\t\t\t\t<\/div>\n\t\t\t\t<\/div>\n\t\t\t\t<div class=\"elementor-element elementor-element-47c3bad elementor-widget__width-initial elementor-widget elementor-widget-text-editor\" data-id=\"47c3bad\" data-element_type=\"widget\" data-e-type=\"widget\" data-widget_type=\"text-editor.default\">\n\t\t\t\t<div class=\"elementor-widget-container\">\n\t\t\t\t\t\t\t\t\t<p>Company director<br \/><a href=\"tel:+420725594955\">+420 725 594 955<\/a><br \/><span style=\"text-decoration: underline; color: #000000;\"><a style=\"color: #000000; text-decoration: underline;\" href=\"mailto:tomas.dyml@woozcnc.cz\">tomas.dyml@woozcnc.cz<\/a><\/span><\/p>\t\t\t\t\t\t\t\t<\/div>\n\t\t\t\t<\/div>\n\t\t\t\t<\/div>\n\t\t<div class=\"elementor-element elementor-element-32eedb1 e-con-full e-flex e-con e-child\" data-id=\"32eedb1\" data-element_type=\"container\" data-e-type=\"container\">\n\t\t\t\t<div class=\"elementor-element elementor-element-5e33585 elementor-widget-mobile__width-inherit elementor-widget elementor-widget-heading\" data-id=\"5e33585\" data-element_type=\"widget\" data-e-type=\"widget\" data-widget_type=\"heading.default\">\n\t\t\t\t<div class=\"elementor-widget-container\">\n\t\t\t\t\t<h3 class=\"elementor-heading-title elementor-size-default\">Ing. Tom\u00e1\u0161 S\u00fdkora<\/h3>\t\t\t\t<\/div>\n\t\t\t\t<\/div>\n\t\t\t\t<div class=\"elementor-element elementor-element-35db3e6 elementor-widget__width-initial elementor-widget elementor-widget-text-editor\" data-id=\"35db3e6\" data-element_type=\"widget\" data-e-type=\"widget\" data-widget_type=\"text-editor.default\">\n\t\t\t\t<div class=\"elementor-widget-container\">\n\t\t\t\t\t\t\t\t\t<p>Company director<br \/>+420 739 017 450<br \/><span style=\"text-decoration: underline; color: #000000;\"><a style=\"color: #000000; text-decoration: underline;\" href=\"mailto:sykora@woozcnc.cz\">tomas.sykora@woozcnc.cz<\/a><\/span><\/p>\t\t\t\t\t\t\t\t<\/div>\n\t\t\t\t<\/div>\n\t\t\t\t<\/div>\n\t\t<div class=\"elementor-element elementor-element-f1442ed e-con-full e-flex e-con e-child\" data-id=\"f1442ed\" data-element_type=\"container\" data-e-type=\"container\">\n\t\t\t\t<div class=\"elementor-element elementor-element-96ea7be elementor-widget elementor-widget-heading\" data-id=\"96ea7be\" data-element_type=\"widget\" data-e-type=\"widget\" data-widget_type=\"heading.default\">\n\t\t\t\t<div class=\"elementor-widget-container\">\n\t\t\t\t\t<h3 class=\"elementor-heading-title elementor-size-default\">Silvie Markov\u00e1<\/h3>\t\t\t\t<\/div>\n\t\t\t\t<\/div>\n\t\t\t\t<div class=\"elementor-element elementor-element-22493e6 elementor-widget__width-initial elementor-widget elementor-widget-text-editor\" data-id=\"22493e6\" data-element_type=\"widget\" data-e-type=\"widget\" data-widget_type=\"text-editor.default\">\n\t\t\t\t<div class=\"elementor-widget-container\">\n\t\t\t\t\t\t\t\t\t<p>Head of the Economic Department<br \/>\u00a0<a href=\"tel:+420 530 511 302\">+420 722 954 594<\/a><br \/><span style=\"text-decoration: underline; color: #000000;\"><a style=\"color: #000000; text-decoration: underline;\" href=\"mailto:silvie.markova@woozcnc.cz\">silvie.markova@woozcnc.cz<\/a><\/span><\/p>\t\t\t\t\t\t\t\t<\/div>\n\t\t\t\t<\/div>\n\t\t\t\t<\/div>\n\t\t\t\t\t<\/div>\n\t\t\t\t<\/div>\n\t\t<div class=\"elementor-element elementor-element-117427a e-con-full e-flex e-con e-parent\" data-id=\"117427a\" data-element_type=\"container\" data-e-type=\"container\">\n\t\t\t\t<div class=\"elementor-element elementor-element-8d044a4 elementor-widget elementor-widget-google_maps\" data-id=\"8d044a4\" data-element_type=\"widget\" data-e-type=\"widget\" data-widget_type=\"google_maps.default\">\n\t\t\t\t<div class=\"elementor-widget-container\">\n\t\t\t\t\t\t\t<div class=\"elementor-custom-embed\">\n\t\t\t<iframe loading=\"lazy\"\n\t\t\t\t\tsrc=\"https:\/\/maps.google.com\/maps?q=U%20Sladovny%20425%2C%20671%2025%20Hodonice&#038;t=m&#038;z=12&#038;output=embed&#038;iwloc=near\"\n\t\t\t\t\ttitle=\"U Sladovny 425, 671 25 Hodonice\"\n\t\t\t\t\taria-label=\"U Sladovny 425, 671 25 Hodonice\"\n\t\t\t><\/iframe>\n\t\t<\/div>\n\t\t\t\t\t\t<\/div>\n\t\t\t\t<\/div>\n\t\t\t\t<\/div>\n\t\t\t\t<\/div>","protected":false},"excerpt":{"rendered":"<p>Kontaktujte WOOZ CNC v\u00fdrobce p\u0159esn\u00fdch kovov\u00fdch d\u00edl\u016f a strojn\u00edch komponent. <\/p>","protected":false},"author":1,"featured_media":28,"parent":0,"menu_order":0,"comment_status":"closed","ping_status":"closed","template":"elementor_canvas","meta":{"footnotes":""},"class_list":["post-66","page","type-page","status-publish","has-post-thumbnail","hentry"],"_links":{"self":[{"href":"https:\/\/woozcnc.cz\/en\/wp-json\/wp\/v2\/pages\/66","targetHints":{"allow":["GET"]}}],"collection":[{"href":"https:\/\/woozcnc.cz\/en\/wp-json\/wp\/v2\/pages"}],"about":[{"href":"https:\/\/woozcnc.cz\/en\/wp-json\/wp\/v2\/types\/page"}],"author":[{"embeddable":true,"href":"https:\/\/woozcnc.cz\/en\/wp-json\/wp\/v2\/users\/1"}],"replies":[{"embeddable":true,"href":"https:\/\/woozcnc.cz\/en\/wp-json\/wp\/v2\/comments?post=66"}],"version-history":[{"count":257,"href":"https:\/\/woozcnc.cz\/en\/wp-json\/wp\/v2\/pages\/66\/revisions"}],"predecessor-version":[{"id":2113,"href":"https:\/\/woozcnc.cz\/en\/wp-json\/wp\/v2\/pages\/66\/revisions\/2113"}],"wp:featuredmedia":[{"embeddable":true,"href":"https:\/\/woozcnc.cz\/en\/wp-json\/wp\/v2\/media\/28"}],"wp:attachment":[{"href":"https:\/\/woozcnc.cz\/en\/wp-json\/wp\/v2\/media?parent=66"}],"curies":[{"name":"wp","href":"https:\/\/api.w.org\/{rel}","templated":true}]}}