{"id":45,"date":"2025-07-02T14:21:53","date_gmt":"2025-07-02T12:21:53","guid":{"rendered":"https:\/\/woozcnc.cz\/?page_id=45"},"modified":"2026-02-25T09:57:38","modified_gmt":"2026-02-25T08:57:38","slug":"kontakt-2","status":"publish","type":"page","link":"https:\/\/woozcnc.cz\/en\/kontakt-2\/","title":{"rendered":"Subsidy"},"content":{"rendered":"<div data-elementor-type=\"wp-page\" data-elementor-id=\"45\" class=\"elementor elementor-45\">\n\t\t\t\t<div class=\"elementor-element elementor-element-bc2cc5c e-con-full e-flex e-con e-parent\" data-id=\"bc2cc5c\" data-element_type=\"container\" data-e-type=\"container\">\n\t\t\t\t<div class=\"elementor-element elementor-element-890230e elementor-widget elementor-widget-image\" data-id=\"890230e\" data-element_type=\"widget\" data-e-type=\"widget\" data-widget_type=\"image.default\">\n\t\t\t\t<div class=\"elementor-widget-container\">\n\t\t\t\t\t\t\t\t\t\t\t\t\t\t\t<img fetchpriority=\"high\" decoding=\"async\" width=\"2400\" height=\"800\" src=\"https:\/\/woozcnc.cz\/wp-content\/uploads\/2026\/02\/vlajka-eu-cesko-dotace-modernizace.webp\" class=\"attachment-full size-full wp-image-2038\" alt=\"Vlajka EU | vlajka \u010cR | dotace | modernizace v\u00fdroby | WOOZ CNC | precizn\u00ed CNC obr\u00e1b\u011bn\u00ed\" srcset=\"https:\/\/woozcnc.cz\/wp-content\/uploads\/2026\/02\/vlajka-eu-cesko-dotace-modernizace.webp 2400w, https:\/\/woozcnc.cz\/wp-content\/uploads\/2026\/02\/vlajka-eu-cesko-dotace-modernizace-300x100.webp 300w, https:\/\/woozcnc.cz\/wp-content\/uploads\/2026\/02\/vlajka-eu-cesko-dotace-modernizace-1024x341.webp 1024w, https:\/\/woozcnc.cz\/wp-content\/uploads\/2026\/02\/vlajka-eu-cesko-dotace-modernizace-768x256.webp 768w, https:\/\/woozcnc.cz\/wp-content\/uploads\/2026\/02\/vlajka-eu-cesko-dotace-modernizace-1536x512.webp 1536w, https:\/\/woozcnc.cz\/wp-content\/uploads\/2026\/02\/vlajka-eu-cesko-dotace-modernizace-2048x683.webp 2048w, https:\/\/woozcnc.cz\/wp-content\/uploads\/2026\/02\/vlajka-eu-cesko-dotace-modernizace-18x6.webp 18w\" sizes=\"(max-width: 2400px) 100vw, 2400px\" title=\"\">\t\t\t\t\t\t\t\t\t\t\t\t\t\t\t<\/div>\n\t\t\t\t<\/div>\n\t\t\t\t<\/div>\n\t\t<div class=\"elementor-element elementor-element-f44d411 e-flex e-con-boxed e-con e-parent\" data-id=\"f44d411\" data-element_type=\"container\" data-e-type=\"container\">\n\t\t\t\t\t<div class=\"e-con-inner\">\n\t\t\t\t<div class=\"elementor-element elementor-element-d9a8e2e elementor-widget elementor-widget-heading\" data-id=\"d9a8e2e\" data-element_type=\"widget\" data-e-type=\"widget\" data-widget_type=\"heading.default\">\n\t\t\t\t<div class=\"elementor-widget-container\">\n\t\t\t\t\t<h1 class=\"elementor-heading-title elementor-size-default\">Subsidy<\/h1>\t\t\t\t<\/div>\n\t\t\t\t<\/div>\n\t\t\t\t\t<\/div>\n\t\t\t\t<\/div>\n\t\t<div class=\"elementor-element elementor-element-13aa2b5 e-flex e-con-boxed e-con e-parent\" data-id=\"13aa2b5\" data-element_type=\"container\" data-e-type=\"container\">\n\t\t\t\t\t<div class=\"e-con-inner\">\n\t\t<div class=\"elementor-element elementor-element-b43b0e9 e-con-full e-flex e-con e-child\" data-id=\"b43b0e9\" data-element_type=\"container\" data-e-type=\"container\">\n\t\t\t\t<div class=\"elementor-element elementor-element-4e979b8 elementor-widget elementor-widget-image\" data-id=\"4e979b8\" data-element_type=\"widget\" data-e-type=\"widget\" data-widget_type=\"image.default\">\n\t\t\t\t<div class=\"elementor-widget-container\">\n\t\t\t\t\t\t\t\t\t\t\t\t\t\t\t<img decoding=\"async\" width=\"800\" height=\"671\" src=\"https:\/\/woozcnc.cz\/wp-content\/uploads\/2025\/07\/dotace-wooz-cnc.png\" class=\"attachment-large size-large wp-image-50\" alt=\"Dotace | Wooz CNC | modernizace v\u00fdroby | technologie | Evropsk\u00e1 unie | Ministerstvo pr\u016fmyslu a obchodu\" srcset=\"https:\/\/woozcnc.cz\/wp-content\/uploads\/2025\/07\/dotace-wooz-cnc.png 940w, https:\/\/woozcnc.cz\/wp-content\/uploads\/2025\/07\/dotace-wooz-cnc-300x251.png 300w, https:\/\/woozcnc.cz\/wp-content\/uploads\/2025\/07\/dotace-wooz-cnc-768x644.png 768w\" sizes=\"(max-width: 800px) 100vw, 800px\" title=\"\">\t\t\t\t\t\t\t\t\t\t\t\t\t\t\t<\/div>\n\t\t\t\t<\/div>\n\t\t\t\t<\/div>\n\t\t<div class=\"elementor-element elementor-element-2ec3011 e-con-full e-flex e-con e-child\" data-id=\"2ec3011\" data-element_type=\"container\" data-e-type=\"container\">\n\t\t\t\t<div class=\"elementor-element elementor-element-111554e elementor-widget elementor-widget-image\" data-id=\"111554e\" data-element_type=\"widget\" data-e-type=\"widget\" data-widget_type=\"image.default\">\n\t\t\t\t<div class=\"elementor-widget-container\">\n\t\t\t\t\t\t\t\t\t\t\t\t\t\t\t<img decoding=\"async\" width=\"300\" height=\"251\" src=\"https:\/\/woozcnc.cz\/wp-content\/uploads\/2025\/07\/cnc-stroj-wooz-cnc-300x251.png\" class=\"attachment-medium size-medium wp-image-51\" alt=\"CNC stroj Hwacheon VESTA 1300 12K | Wooz CNC | modernizace v\u00fdroby | dotace | precizn\u00ed CNC obr\u00e1b\u011bn\u00ed | technologie\" srcset=\"https:\/\/woozcnc.cz\/wp-content\/uploads\/2025\/07\/cnc-stroj-wooz-cnc-300x251.png 300w, https:\/\/woozcnc.cz\/wp-content\/uploads\/2025\/07\/cnc-stroj-wooz-cnc-768x644.png 768w, https:\/\/woozcnc.cz\/wp-content\/uploads\/2025\/07\/cnc-stroj-wooz-cnc.png 940w\" sizes=\"(max-width: 300px) 100vw, 300px\" title=\"\">\t\t\t\t\t\t\t\t\t\t\t\t\t\t\t<\/div>\n\t\t\t\t<\/div>\n\t\t\t\t<\/div>\n\t\t\t\t\t<\/div>\n\t\t\t\t<\/div>\n\t\t\t\t<\/div>","protected":false},"excerpt":{"rendered":"<p>P\u0159ehled dotac\u00ed na modernizaci v\u00fdroby ve WOOZ CNC.<\/p>","protected":false},"author":1,"featured_media":28,"parent":0,"menu_order":0,"comment_status":"closed","ping_status":"closed","template":"elementor_canvas","meta":{"footnotes":""},"class_list":["post-45","page","type-page","status-publish","has-post-thumbnail","hentry"],"_links":{"self":[{"href":"https:\/\/woozcnc.cz\/en\/wp-json\/wp\/v2\/pages\/45","targetHints":{"allow":["GET"]}}],"collection":[{"href":"https:\/\/woozcnc.cz\/en\/wp-json\/wp\/v2\/pages"}],"about":[{"href":"https:\/\/woozcnc.cz\/en\/wp-json\/wp\/v2\/types\/page"}],"author":[{"embeddable":true,"href":"https:\/\/woozcnc.cz\/en\/wp-json\/wp\/v2\/users\/1"}],"replies":[{"embeddable":true,"href":"https:\/\/woozcnc.cz\/en\/wp-json\/wp\/v2\/comments?post=45"}],"version-history":[{"count":148,"href":"https:\/\/woozcnc.cz\/en\/wp-json\/wp\/v2\/pages\/45\/revisions"}],"predecessor-version":[{"id":2051,"href":"https:\/\/woozcnc.cz\/en\/wp-json\/wp\/v2\/pages\/45\/revisions\/2051"}],"wp:featuredmedia":[{"embeddable":true,"href":"https:\/\/woozcnc.cz\/en\/wp-json\/wp\/v2\/media\/28"}],"wp:attachment":[{"href":"https:\/\/woozcnc.cz\/en\/wp-json\/wp\/v2\/media?parent=45"}],"curies":[{"name":"wp","href":"https:\/\/api.w.org\/{rel}","templated":true}]}}